{"id":18,"date":"2024-03-04T22:33:09","date_gmt":"2024-03-04T22:33:09","guid":{"rendered":"https:\/\/nutritioncenter.link\/?page_id=18"},"modified":"2024-05-22T19:18:04","modified_gmt":"2024-05-22T19:18:04","slug":"home","status":"publish","type":"page","link":"https:\/\/nutritioncenter.link\/?page_id=18","title":{"rendered":"About"},"content":{"rendered":"\n<div class=\"wp-block-group alignfull has-accent-background-color has-background has-global-padding is-layout-constrained wp-container-core-group-is-layout-669513ed wp-block-group-is-layout-constrained\" style=\"margin-top:0;margin-bottom:0;padding-top:var(--wp--preset--spacing--50);padding-right:var(--wp--preset--spacing--50);padding-bottom:var(--wp--preset--spacing--50);padding-left:var(--wp--preset--spacing--50)\">\n<div class=\"wp-block-group has-global-padding is-layout-constrained wp-block-group-is-layout-constrained\">\n<p class=\"has-x-large-font-size\"><strong>Estudio CSU FORWARD<\/strong><\/p>\n\n\n\n<p>Somos un grupo de profesores y estudiantes de Cal Poly Nutrition apasionados por compartir conocimientos con los dem\u00e1s para ayudarles a mejorar la salud y el bienestar. Este estudio financiado por el USDA tiene como objetivo reducir el riesgo de diabetes tipo 2 y enfermedades cardiovasculares.&nbsp;<\/p>\n\n\n\n<p>Los participantes recibir\u00e1n material educativo relacionado con la dieta, la actividad f\u00edsica, el sue\u00f1o y el estr\u00e9s.&nbsp;<\/p>\n\n\n\n<p>Durante este estudio de 6 meses, se le entregar\u00e1 un reloj inteligente de Garmin que realizar\u00e1 un seguimiento del sue\u00f1o, la actividad f\u00edsica, y el estr\u00e9s.<\/p>\n\n\n\n<p>La evaluaci\u00f3n inicial determinar\u00e1 la elegibilidad para ingresar al estudio. La participaci\u00f3n incluye 3 visitas de evaluaci\u00f3n al inicio del estudio, a mitad de camino a los tres meses y al finalizar a los seis meses. La evaluaci\u00f3n incluye entrevistas sobre alimentaci\u00f3n y actividad f\u00edsica, medici\u00f3n del altura y el peso, grasa corporal, etc. Se recoger\u00e1 una peque\u00f1a muestra de sangre para evaluar el estado general de salud, como el az\u00facar en la sangre, el colesterol, etc.&nbsp;<\/p>\n\n\n\n<p>Se proporcionar\u00e1n recomendaciones personalizadas a los participantes basadas en un seguimiento y una evaluaci\u00f3n continuos a distancia.&nbsp;<\/p>\n\n\n\n<p>Los participantes estar\u00e1n capacitados para aplicar los conocimientos y las recomendaciones en la toma de decisiones pr\u00e1cticas para elegir estilos de vida m\u00e1s saludables.<\/p>\n<\/div>\n<\/div>\n\n\n\n<div class=\"wp-block-columns alignfull is-layout-flex wp-container-core-columns-is-layout-28f84493 wp-block-columns-is-layout-flex\">\n<div class=\"wp-block-column is-vertically-aligned-center is-layout-flow wp-block-column-is-layout-flow\">\n<figure data-wp-context=\"{&quot;imageId&quot;:&quot;69dfeda9eecc2&quot;}\" data-wp-interactive=\"core\/image\" data-wp-key=\"69dfeda9eecc2\" class=\"wp-block-image aligncenter size-large is-resized wp-lightbox-container\"><img loading=\"lazy\" decoding=\"async\" width=\"1024\" height=\"576\" data-wp-class--hide=\"state.isContentHidden\" data-wp-class--show=\"state.isContentVisible\" data-wp-init=\"callbacks.setButtonStyles\" data-wp-on--click=\"actions.showLightbox\" data-wp-on--load=\"callbacks.setButtonStyles\" data-wp-on-window--resize=\"callbacks.setButtonStyles\" src=\"https:\/\/nutritioncenter.link\/wp-content\/uploads\/2024\/04\/image-4-1024x576.png\" alt=\"\" class=\"wp-image-272\" style=\"width:827px;height:auto\" srcset=\"https:\/\/nutritioncenter.link\/wp-content\/uploads\/2024\/04\/image-4-1024x576.png 1024w, https:\/\/nutritioncenter.link\/wp-content\/uploads\/2024\/04\/image-4-300x169.png 300w, https:\/\/nutritioncenter.link\/wp-content\/uploads\/2024\/04\/image-4-768x432.png 768w, https:\/\/nutritioncenter.link\/wp-content\/uploads\/2024\/04\/image-4-1536x864.png 1536w, https:\/\/nutritioncenter.link\/wp-content\/uploads\/2024\/04\/image-4.png 2006w\" sizes=\"auto, (max-width: 1024px) 100vw, 1024px\" \/><button\n\t\t\tclass=\"lightbox-trigger\"\n\t\t\ttype=\"button\"\n\t\t\taria-haspopup=\"dialog\"\n\t\t\taria-label=\"Enlarge\"\n\t\t\tdata-wp-init=\"callbacks.initTriggerButton\"\n\t\t\tdata-wp-on--click=\"actions.showLightbox\"\n\t\t\tdata-wp-style--right=\"state.imageButtonRight\"\n\t\t\tdata-wp-style--top=\"state.imageButtonTop\"\n\t\t>\n\t\t\t<svg xmlns=\"http:\/\/www.w3.org\/2000\/svg\" width=\"12\" height=\"12\" fill=\"none\" viewBox=\"0 0 12 12\">\n\t\t\t\t<path fill=\"#fff\" d=\"M2 0a2 2 0 0 0-2 2v2h1.5V2a.5.5 0 0 1 .5-.5h2V0H2Zm2 10.5H2a.5.5 0 0 1-.5-.5V8H0v2a2 2 0 0 0 2 2h2v-1.5ZM8 12v-1.5h2a.5.5 0 0 0 .5-.5V8H12v2a2 2 0 0 1-2 2H8Zm2-12a2 2 0 0 1 2 2v2h-1.5V2a.5.5 0 0 0-.5-.5H8V0h2Z\" \/>\n\t\t\t<\/svg>\n\t\t<\/button><\/figure>\n<\/div>\n\n\n\n<div class=\"wp-block-column is-layout-flow wp-block-column-is-layout-flow\">\n<figure data-wp-context=\"{&quot;imageId&quot;:&quot;69dfeda9ef051&quot;}\" data-wp-interactive=\"core\/image\" data-wp-key=\"69dfeda9ef051\" class=\"wp-block-image aligncenter size-large is-resized wp-lightbox-container\"><img loading=\"lazy\" decoding=\"async\" width=\"1024\" height=\"576\" data-wp-class--hide=\"state.isContentHidden\" data-wp-class--show=\"state.isContentVisible\" data-wp-init=\"callbacks.setButtonStyles\" data-wp-on--click=\"actions.showLightbox\" data-wp-on--load=\"callbacks.setButtonStyles\" data-wp-on-window--resize=\"callbacks.setButtonStyles\" src=\"https:\/\/nutritioncenter.link\/wp-content\/uploads\/2024\/04\/image-3-1024x576.png\" alt=\"\" class=\"wp-image-266\" style=\"width:818px;height:auto\" srcset=\"https:\/\/nutritioncenter.link\/wp-content\/uploads\/2024\/04\/image-3-1024x576.png 1024w, https:\/\/nutritioncenter.link\/wp-content\/uploads\/2024\/04\/image-3-300x169.png 300w, https:\/\/nutritioncenter.link\/wp-content\/uploads\/2024\/04\/image-3-768x432.png 768w, https:\/\/nutritioncenter.link\/wp-content\/uploads\/2024\/04\/image-3-1536x864.png 1536w, https:\/\/nutritioncenter.link\/wp-content\/uploads\/2024\/04\/image-3.png 2006w\" sizes=\"auto, (max-width: 1024px) 100vw, 1024px\" \/><button\n\t\t\tclass=\"lightbox-trigger\"\n\t\t\ttype=\"button\"\n\t\t\taria-haspopup=\"dialog\"\n\t\t\taria-label=\"Enlarge\"\n\t\t\tdata-wp-init=\"callbacks.initTriggerButton\"\n\t\t\tdata-wp-on--click=\"actions.showLightbox\"\n\t\t\tdata-wp-style--right=\"state.imageButtonRight\"\n\t\t\tdata-wp-style--top=\"state.imageButtonTop\"\n\t\t>\n\t\t\t<svg xmlns=\"http:\/\/www.w3.org\/2000\/svg\" width=\"12\" height=\"12\" fill=\"none\" viewBox=\"0 0 12 12\">\n\t\t\t\t<path fill=\"#fff\" d=\"M2 0a2 2 0 0 0-2 2v2h1.5V2a.5.5 0 0 1 .5-.5h2V0H2Zm2 10.5H2a.5.5 0 0 1-.5-.5V8H0v2a2 2 0 0 0 2 2h2v-1.5ZM8 12v-1.5h2a.5.5 0 0 0 .5-.5V8H12v2a2 2 0 0 1-2 2H8Zm2-12a2 2 0 0 1 2 2v2h-1.5V2a.5.5 0 0 0-.5-.5H8V0h2Z\" \/>\n\t\t\t<\/svg>\n\t\t<\/button><\/figure>\n<\/div>\n<\/div>\n","protected":false},"excerpt":{"rendered":"<p>Estudio CSU FORWARD Somos un grupo de profesores y estudiantes de Cal Poly Nutrition apasionados por compartir conocimientos con los dem\u00e1s para ayudarles a mejorar la salud y el bienestar. Este estudio financiado por el USDA tiene como objetivo reducir el riesgo de diabetes tipo 2 y enfermedades cardiovasculares.&nbsp; Los participantes recibir\u00e1n material educativo relacionado [&hellip;]<\/p>\n","protected":false},"author":1,"featured_media":0,"parent":0,"menu_order":0,"comment_status":"closed","ping_status":"closed","template":"","meta":{"footnotes":""},"class_list":["post-18","page","type-page","status-publish","hentry"],"jetpack_sharing_enabled":true,"_links":{"self":[{"href":"https:\/\/nutritioncenter.link\/index.php?rest_route=\/wp\/v2\/pages\/18","targetHints":{"allow":["GET"]}}],"collection":[{"href":"https:\/\/nutritioncenter.link\/index.php?rest_route=\/wp\/v2\/pages"}],"about":[{"href":"https:\/\/nutritioncenter.link\/index.php?rest_route=\/wp\/v2\/types\/page"}],"author":[{"embeddable":true,"href":"https:\/\/nutritioncenter.link\/index.php?rest_route=\/wp\/v2\/users\/1"}],"replies":[{"embeddable":true,"href":"https:\/\/nutritioncenter.link\/index.php?rest_route=%2Fwp%2Fv2%2Fcomments&post=18"}],"version-history":[{"count":63,"href":"https:\/\/nutritioncenter.link\/index.php?rest_route=\/wp\/v2\/pages\/18\/revisions"}],"predecessor-version":[{"id":311,"href":"https:\/\/nutritioncenter.link\/index.php?rest_route=\/wp\/v2\/pages\/18\/revisions\/311"}],"wp:attachment":[{"href":"https:\/\/nutritioncenter.link\/index.php?rest_route=%2Fwp%2Fv2%2Fmedia&parent=18"}],"curies":[{"name":"wp","href":"https:\/\/api.w.org\/{rel}","templated":true}]}}